{"id":373,"date":"2025-05-06T16:14:58","date_gmt":"2025-05-06T14:14:58","guid":{"rendered":"http:\/\/www.turistebre.com\/qui-som\/"},"modified":"2025-09-16T13:53:51","modified_gmt":"2025-09-16T11:53:51","slug":"qui-som","status":"publish","type":"page","link":"https:\/\/www.turistebre.com\/ca\/qui-som\/","title":{"rendered":"Qui som?"},"content":{"rendered":"\n<div class=\"wp-block-nk-awb nk-awb alignfull\" style=\"margin-bottom:var(--wp--preset--spacing--50)\"><div class=\"nk-awb-wrap\" data-awb-type=\"image\" data-awb-image-background-size=\"cover\" data-awb-image-background-position=\"50% 30%\"><div class=\"nk-awb-overlay\" style=\"background: #00000078;\"><\/div><div class=\"nk-awb-inner\"><img decoding=\"async\" src=\"http:\/\/www.turistebre.com\/wp-content\/uploads\/2025\/05\/cabecera-turisebre-scaled.jpg\" class=\"wp-image-38 jarallax-img\" alt=\"Turisebre - \u00a1Esc\u00e1pate al Delta del Ebro!\" width=\"2560\" height=\"718\" srcset=\"https:\/\/www.turistebre.com\/wp-content\/uploads\/2025\/05\/cabecera-turisebre-scaled.jpg 2560w, https:\/\/www.turistebre.com\/wp-content\/uploads\/2025\/05\/cabecera-turisebre-300x84.jpg 300w, https:\/\/www.turistebre.com\/wp-content\/uploads\/2025\/05\/cabecera-turisebre-1024x287.jpg 1024w, https:\/\/www.turistebre.com\/wp-content\/uploads\/2025\/05\/cabecera-turisebre-768x215.jpg 768w, https:\/\/www.turistebre.com\/wp-content\/uploads\/2025\/05\/cabecera-turisebre-1536x431.jpg 1536w, https:\/\/www.turistebre.com\/wp-content\/uploads\/2025\/05\/cabecera-turisebre-2048x574.jpg 2048w, https:\/\/www.turistebre.com\/wp-content\/uploads\/2025\/05\/cabecera-turisebre-500x140.jpg 500w, https:\/\/www.turistebre.com\/wp-content\/uploads\/2025\/05\/cabecera-turisebre-800x224.jpg 800w, https:\/\/www.turistebre.com\/wp-content\/uploads\/2025\/05\/cabecera-turisebre-1280x359.jpg 1280w, https:\/\/www.turistebre.com\/wp-content\/uploads\/2025\/05\/cabecera-turisebre-1920x538.jpg 1920w\" sizes=\"(max-width: 2560px) 100vw, 2560px\" \/><\/div><\/div><div class=\"nk-awb-wrap-content is-layout-constrained wp-block-nk-awb-is-layout-constrained\">\n<div style=\"height:49px\" aria-hidden=\"true\" class=\"wp-block-spacer\"><\/div>\n\n\n\n<div class=\"wp-block-columns is-layout-flex wp-container-core-columns-is-layout-d2da2050 wp-block-columns-is-layout-flex\" style=\"margin-bottom:0\">\n<div class=\"wp-block-column is-layout-flow wp-block-column-is-layout-flow\">\n<h1 class=\"wp-block-heading has-ast-global-color-5-color has-text-color has-link-color has-large-font-size wp-elements-e0211f7f7c66fe235457cf0851545dd7\">Qui som?<\/h1>\n<\/div>\n\n\n\n<div class=\"wp-block-column is-vertically-aligned-center is-layout-flow wp-block-column-is-layout-flow\"><div class=\"yoast-breadcrumbs\"><span><span><a href=\"https:\/\/www.turistebre.com\/ca\/\">Portada<\/a><\/span> \u00bb <span class=\"breadcrumb_last\" aria-current=\"page\">Qui som?<\/span><\/span><\/div><\/div>\n<\/div>\n\n\n<div class=\"n2r__search  \" data-n2r-searchsession-url=\"https:\/\/www.turistebre.com\/wp-json\/n2r\/v1\/searchsession\" data-n2r-nosession=\"true\">\n    <div class=\"n2r__search__container n2r__tabs__content\">\n    <div class=\"n2r__tabs__content__item n2r__search__container__rental active\" >\n  <form name=\"n2r__search\" method=\"get\" action=\"https:\/\/www.turistebre.com\/alquiler-resultados-de-busqueda\/\" role=\"form\" autocomplete=\"off\">\n    <input type=\"hidden\" aria-hidden=\"true\" name=\"commercialization_type\" value=\"rental\">\n              <div class=\"n2r__search__field\">\n            <label for=\"n2r-search-rental-search_text-27133\">Refer\u00e8ncia<\/label>\n            <input type=\"text\" name=\"search_text\" id=\"n2r-search-rental-search_text-27133\" class=\"n2r__input\" value=\"\">\n          <\/div>\n                    <div class=\"n2r__search__field n2r__datepickercontainer\">\n            <label for=\"n2r-search-rental-dates-27133\">Selecciona les dates<\/label>\n            <input type=\"text\" name=\"dates\" id=\"n2r-search-rental-dates-27133\" class=\"n2r__input n2r-daterangepicker-component\" value=\"\" data-checkin=\"\" data-checkout=\"\" data-language=\"ca\" data-nights=\"1\" placeholder=\" \">\n            <a class=\"n2r__datepickercontainer__clear\"><i class=\"fa fa-times\"><\/i><\/a>\n            <input type=\"hidden\" aria-hidden=\"true\" name=\"checkin\" value=\"\">\n            <input type=\"hidden\" aria-hidden=\"true\" name=\"checkout\" value=\"\">\n          <\/div>\n                  <div class=\"n2r__search__field n2r__search__field--small\">\n            <label for=\"n2r-search-rental-adults-27133\">Adults<\/label>\n            <input class=\"n2r__input\" name=\"adults\" id=\"n2r-search-rental-adults-27133\" type=\"number\" min=\"1\" max=\"30\" value=\"1\">\n          <\/div>\n                  <div class=\"n2r__search__field n2r__search__field--small\">\n            <label for=\"n2r-search-rental-children-27133\">Nens<\/label>\n            <input class=\"n2r__input\" name=\"children\" id=\"n2r-search-rental-children-27133\" type=\"number\" min=\"0\" max=\"30\" value=\"0\">\n          <\/div>\n                    <div class=\"n2r__search__field\">\n              <label for=\"n2r-search-rental-city-27133\">Destinaci\u00f3<\/label>\n              <select name=\"city\" id=\"n2r-search-rental-city-27133\" class=\"n2r__select\">\n                <option value=\"\">Tots<\/option>\n                <option value=\"Ampolla (L&#039;)\" >Ampolla (L&#039;)<\/option><option value=\"Amposta\" >Amposta<\/option><option value=\"Camarles\" >Camarles<\/option><option value=\"Deltebre\" >Deltebre<\/option><option value=\"L&#039;Ametlla de Mar\" >L&#039;Ametlla de Mar<\/option><option value=\"Sant Carles de la R\u00e0pita\" >Sant Carles de la R\u00e0pita<\/option>              <\/select>\n              <span><\/span>\n            <\/div>\n              <div class=\"n2r__search__field n2r__search__field--submit\">\n      <button type=\"submit\" class=\"n2r__search__submit n2r__btn\">Cercar<\/button>\n    <\/div>\n  <\/form>\n<\/div>  <\/div>\n<\/div>\n\n\n\n<div style=\"height:33px\" aria-hidden=\"true\" class=\"wp-block-spacer\"><\/div>\n<\/div><\/div>\n\n<div style=\"height:34px\" aria-hidden=\"true\" class=\"wp-block-spacer\"><\/div>\n\n<p><strong>Turistebre <\/strong>\u00e9s una empresa de recent creaci\u00f3, per\u00f2 amb molts d\u2019anys d\u2019experi\u00e8ncia donada pels seus creadors emprenedors, amb un llarg recorregut en el sector immobiliari i tur\u00edstic.<\/p>\n\n<p><strong>Turistebre <\/strong>vol esdevenir un referent en el sector del <strong>Lloguer de Vacances<\/strong> a les <strong>Terres de l\u2019Ebre<\/strong>, concretament, al <strong>Delta de l\u2019Ebre<\/strong>.<\/p>\n\n<p>Ens centrem en la gesti\u00f3 del <strong>Lloguer Tur\u00edstic<\/strong> i la <strong>venda de Cases de poble<\/strong>, <strong>Apartaments <\/strong>i <strong>Xalets<\/strong>.<\/p>\n\n<p>Us oferim tota la informaci\u00f3 necess\u00e0ria a la nostra web, per informar-vos sobre els nostres habitatges de <strong>lloguer tur\u00edstic, <\/strong>aix\u00ed mateix com l\u2019entorn del nostre territori i les diferents activitats que podeu realitzar durant la vostra estada al <strong>Delta de l\u2019Ebre<\/strong>.<\/p>\n\n<p>El <strong>Delta de l\u2019Ebre <\/strong>i els seus pobles s\u00f3n una alenada d\u2019aire fresc. Mai millor dit, perqu\u00e8 el mestral i les llevantades aqu\u00ed no descansen mai. No es tracta, doncs, nom\u00e9s de gaudir d\u2019una natura tan variada, sin\u00f3 que l\u2019aire que respirem \u00e9s netejat constantment pels vents, cosa que fa que, a part de la qualitat de l\u2019aire, gaudim de cels clars, i puguem ser espectadors d\u2019albades i de capvespres inoblidables.  <\/p>\n\n<p>Els colors es guanyen en aquestes terres tots els respectes, gr\u00e0cies a la varietat de paisatges: des de la mar fins l\u2019alta muntanya nom\u00e9s hi ha mitja hora de cam\u00ed. Entremig, extensos arrossars, horts de tarongers, la majestuositat del riu, camps d\u2019oliveres i garrofers, boscos de pi i alzina, la serralada dels Ports. Com una progressi\u00f3 constant a la recerca de la bellesa, estiguem en l\u2019estaci\u00f3 que estiguem.  <\/p>\n\n<p>Aqu\u00ed trobareu platges desertes, paradis\u00edaques. Una gran varietat d\u2019aus, que ens ha convertit en un enclavament paisatg\u00edstic de refer\u00e8ncia. Multitud de llocs, ben diversos, per a visitar. La gastronomia que conservem dels nostres avantpassats, que tenen en l\u2019arr\u00f2s, i en el peix i el marisc els seus referents.   <\/p>\n\n<p>I sobretot, la l\u00ednia de l\u2019horitz\u00f3, sempre propera, que fa de cada dia que passem al Delta un moment especial i inoblidable.<\/p>\n\n<p>\u00c9s per tot aix\u00f2 que us invitem a <strong>escapar-vos al Delta de l\u2019Ebre.<\/strong><\/p>\n\n<p><strong>Turistebre <\/strong>vol esdevenir un referent en el sector del <strong>Lloguer de Vacances<\/strong> a les <strong>Terres de l\u2019Ebre<\/strong>, concretament, al <strong>Delta de l\u2019Ebre<\/strong>.<\/p>\n\n<p>Ens centrem en la gesti\u00f3 del <strong>Lloguer Tur\u00edstic<\/strong> i la <strong>venda de Cases de poble<\/strong>, <strong>Apartaments <\/strong>i <strong>Xalets<\/strong>.<\/p>\n\n<p>Us oferim tota la informaci\u00f3 necess\u00e0ria a la nostra web, per informar-vos sobre els nostres habitatges de <strong>lloguer tur\u00edstic, <\/strong>aix\u00ed mateix com l\u2019entorn del nostre territori i les diferents activitats que podeu realitzar durant la vostra estada al <strong>Delta de l\u2019Ebre<\/strong>.<\/p>\n\n<p>El <strong>Delta de l\u2019Ebre <\/strong>i els seus pobles s\u00f3n una alenada d\u2019aire fresc. Mai millor dit, perqu\u00e8 el mestral i les llevantades aqu\u00ed no descansen mai. No es tracta, doncs, nom\u00e9s de gaudir d\u2019una natura tan variada, sin\u00f3 que l\u2019aire que respirem \u00e9s netejat constantment pels vents, cosa que fa que, a part de la qualitat de l\u2019aire, gaudim de cels clars, i puguem ser espectadors d\u2019albades i de capvespres inoblidables.  <\/p>\n\n<p>Els colors es guanyen en aquestes terres tots els respectes, gr\u00e0cies a la varietat de paisatges: des de la mar fins l\u2019alta muntanya nom\u00e9s hi ha mitja hora de cam\u00ed. Entremig, extensos arrossars, horts de tarongers, la majestuositat del riu, camps d\u2019oliveres i garrofers, boscos de pi i alzina, la serralada dels Ports. Com una progressi\u00f3 constant a la recerca de la bellesa, estiguem en l\u2019estaci\u00f3 que estiguem.  <\/p>\n\n<p>Aqu\u00ed trobareu platges desertes, paradis\u00edaques. Una gran varietat d\u2019aus, que ens ha convertit en un enclavament paisatg\u00edstic de refer\u00e8ncia. Multitud de llocs, ben diversos, per a visitar. La gastronomia que conservem dels nostres avantpassats, que tenen en l\u2019arr\u00f2s, i en el peix i el marisc els seus referents.   <\/p>\n\n<p>I sobretot, la l\u00ednia de l\u2019horitz\u00f3, sempre propera, que fa de cada dia que passem al Delta un moment especial i inoblidable.<\/p>\n\n<p>\u00c9s per tot aix\u00f2 que us invitem a <strong>escapar-vos al Delta de l\u2019Ebre.<\/strong><\/p>\n\n<div style=\"height:49px\" aria-hidden=\"true\" class=\"wp-block-spacer\"><\/div>\n","protected":false},"excerpt":{"rendered":"<p>Turistebre \u00e9s una empresa de recent creaci\u00f3, per\u00f2 amb molts d\u2019anys d\u2019experi\u00e8ncia donada pels seus creadors emprenedors, amb un llarg [&hellip;]<\/p>\n","protected":false},"author":1,"featured_media":281,"parent":0,"menu_order":0,"comment_status":"closed","ping_status":"closed","template":"","meta":{"site-sidebar-layout":"default","site-content-layout":"","ast-site-content-layout":"default","site-content-style":"default","site-sidebar-style":"default","ast-global-header-display":"","ast-banner-title-visibility":"","ast-main-header-display":"","ast-hfb-above-header-display":"","ast-hfb-below-header-display":"","ast-hfb-mobile-header-display":"","site-post-title":"","ast-breadcrumbs-content":"","ast-featured-img":"","footer-sml-layout":"","ast-disable-related-posts":"","theme-transparent-header-meta":"","adv-header-id-meta":"","stick-header-meta":"","header-above-stick-meta":"","header-main-stick-meta":"","header-below-stick-meta":"","astra-migrate-meta-layouts":"default","ast-page-background-enabled":"default","ast-page-background-meta":{"desktop":{"background-color":"var(--ast-global-color-5)","background-image":"","background-repeat":"repeat","background-position":"center center","background-size":"auto","background-attachment":"scroll","background-type":"","background-media":"","overlay-type":"","overlay-color":"","overlay-opacity":"","overlay-gradient":""},"tablet":{"background-color":"","background-image":"","background-repeat":"repeat","background-position":"center center","background-size":"auto","background-attachment":"scroll","background-type":"","background-media":"","overlay-type":"","overlay-color":"","overlay-opacity":"","overlay-gradient":""},"mobile":{"background-color":"","background-image":"","background-repeat":"repeat","background-position":"center center","background-size":"auto","background-attachment":"scroll","background-type":"","background-media":"","overlay-type":"","overlay-color":"","overlay-opacity":"","overlay-gradient":""}},"ast-content-background-meta":{"desktop":{"background-color":"var(--ast-global-color-4)","background-image":"","background-repeat":"repeat","background-position":"center center","background-size":"auto","background-attachment":"scroll","background-type":"","background-media":"","overlay-type":"","overlay-color":"","overlay-opacity":"","overlay-gradient":""},"tablet":{"background-color":"var(--ast-global-color-4)","background-image":"","background-repeat":"repeat","background-position":"center center","background-size":"auto","background-attachment":"scroll","background-type":"","background-media":"","overlay-type":"","overlay-color":"","overlay-opacity":"","overlay-gradient":""},"mobile":{"background-color":"var(--ast-global-color-4)","background-image":"","background-repeat":"repeat","background-position":"center center","background-size":"auto","background-attachment":"scroll","background-type":"","background-media":"","overlay-type":"","overlay-color":"","overlay-opacity":"","overlay-gradient":""}},"footnotes":""},"class_list":["post-373","page","type-page","status-publish","has-post-thumbnail","hentry"],"yoast_head":"<!-- This site is optimized with the Yoast SEO plugin v27.5 - https:\/\/yoast.com\/product\/yoast-seo-wordpress\/ -->\n<title>Qui som? - Turistebre - Esc\u00e1pate al Delta del Ebro<\/title>\n<meta name=\"description\" content=\"Turistebre \u00e9s la teva ag\u00e8ncia de refer\u00e8ncia al sector del Lloguer Tur\u00edstic, Vacacional i Venda de Propietats al Delta de l&#039;Ebre.\" \/>\n<meta name=\"robots\" content=\"index, follow, max-snippet:-1, max-image-preview:large, max-video-preview:-1\" \/>\n<link rel=\"canonical\" href=\"https:\/\/www.turistebre.com\/ca\/qui-som\/\" \/>\n<meta property=\"og:locale\" content=\"ca_ES\" \/>\n<meta property=\"og:type\" content=\"article\" \/>\n<meta property=\"og:title\" content=\"Qui som? - Turistebre - Esc\u00e1pate al Delta del Ebro\" \/>\n<meta property=\"og:description\" content=\"Turistebre \u00e9s la teva ag\u00e8ncia de refer\u00e8ncia al sector del Lloguer Tur\u00edstic, Vacacional i Venda de Propietats al Delta de l&#039;Ebre.\" \/>\n<meta property=\"og:url\" content=\"https:\/\/www.turistebre.com\/ca\/qui-som\/\" \/>\n<meta property=\"og:site_name\" content=\"Turistebre - Esc\u00e1pate al Delta del Ebro\" \/>\n<meta property=\"article:publisher\" content=\"https:\/\/www.facebook.com\/turistebre\" \/>\n<meta property=\"article:modified_time\" content=\"2025-09-16T11:53:51+00:00\" \/>\n<meta property=\"og:image\" content=\"https:\/\/www.turistebre.com\/wp-content\/uploads\/2025\/05\/turisebre-rrss.jpg\" \/>\n\t<meta property=\"og:image:width\" content=\"1280\" \/>\n\t<meta property=\"og:image:height\" content=\"720\" \/>\n\t<meta property=\"og:image:type\" content=\"image\/jpeg\" \/>\n<meta name=\"twitter:card\" content=\"summary_large_image\" \/>\n<meta name=\"twitter:site\" content=\"@turistebre\" \/>\n<meta name=\"twitter:label1\" content=\"Temps estimat de lectura\" \/>\n\t<meta name=\"twitter:data1\" content=\"4 minuts\" \/>\n<script type=\"application\/ld+json\" class=\"yoast-schema-graph\">{\"@context\":\"https:\\\/\\\/schema.org\",\"@graph\":[{\"@type\":\"WebPage\",\"@id\":\"https:\\\/\\\/www.turistebre.com\\\/ca\\\/qui-som\\\/\",\"url\":\"https:\\\/\\\/www.turistebre.com\\\/ca\\\/qui-som\\\/\",\"name\":\"Qui som? - Turistebre - Esc\u00e1pate al Delta del Ebro\",\"isPartOf\":{\"@id\":\"https:\\\/\\\/www.turistebre.com\\\/ca\\\/#website\"},\"primaryImageOfPage\":{\"@id\":\"https:\\\/\\\/www.turistebre.com\\\/ca\\\/qui-som\\\/#primaryimage\"},\"image\":{\"@id\":\"https:\\\/\\\/www.turistebre.com\\\/ca\\\/qui-som\\\/#primaryimage\"},\"thumbnailUrl\":\"https:\\\/\\\/www.turistebre.com\\\/wp-content\\\/uploads\\\/2025\\\/05\\\/turisebre-rrss.jpg\",\"datePublished\":\"2025-05-06T14:14:58+00:00\",\"dateModified\":\"2025-09-16T11:53:51+00:00\",\"description\":\"Turistebre \u00e9s la teva ag\u00e8ncia de refer\u00e8ncia al sector del Lloguer Tur\u00edstic, Vacacional i Venda de Propietats al Delta de l'Ebre.\",\"breadcrumb\":{\"@id\":\"https:\\\/\\\/www.turistebre.com\\\/ca\\\/qui-som\\\/#breadcrumb\"},\"inLanguage\":\"ca\",\"potentialAction\":[{\"@type\":\"ReadAction\",\"target\":[\"https:\\\/\\\/www.turistebre.com\\\/ca\\\/qui-som\\\/\"]}]},{\"@type\":\"BreadcrumbList\",\"@id\":\"https:\\\/\\\/www.turistebre.com\\\/ca\\\/qui-som\\\/#breadcrumb\",\"itemListElement\":[{\"@type\":\"ListItem\",\"position\":1,\"name\":\"Portada\",\"item\":\"https:\\\/\\\/www.turistebre.com\\\/ca\\\/\"},{\"@type\":\"ListItem\",\"position\":2,\"name\":\"Qui som?\"}]},{\"@type\":\"WebSite\",\"@id\":\"https:\\\/\\\/www.turistebre.com\\\/ca\\\/#website\",\"url\":\"https:\\\/\\\/www.turistebre.com\\\/ca\\\/\",\"name\":\"Turistebre - Esc\u00e1pate al Delta del Ebro\",\"description\":\"Alquiler vacacional en el Delta del Ebro\",\"publisher\":{\"@id\":\"https:\\\/\\\/www.turistebre.com\\\/ca\\\/#organization\"},\"alternateName\":\"Turistebre\",\"potentialAction\":[{\"@type\":\"SearchAction\",\"target\":{\"@type\":\"EntryPoint\",\"urlTemplate\":\"https:\\\/\\\/www.turistebre.com\\\/alquiler-resultados-de-busqueda\\\/?search_text={search_term_string}\"},\"query-input\":{\"@type\":\"PropertyValueSpecification\",\"valueRequired\":true,\"valueName\":\"search_term_string\"}}],\"inLanguage\":\"ca\"},{\"@type\":\"Organization\",\"@id\":\"https:\\\/\\\/www.turistebre.com\\\/ca\\\/#organization\",\"name\":\"TURISME DELTA DE L'EBRE SL\",\"alternateName\":\"Turistebre\",\"url\":\"https:\\\/\\\/www.turistebre.com\\\/ca\\\/\",\"logo\":{\"@type\":\"ImageObject\",\"inLanguage\":\"ca\",\"@id\":\"https:\\\/\\\/www.turistebre.com\\\/ca\\\/#\\\/schema\\\/logo\\\/image\\\/\",\"url\":\"https:\\\/\\\/www.turistebre.com\\\/wp-content\\\/uploads\\\/2025\\\/05\\\/logo-1.png\",\"contentUrl\":\"https:\\\/\\\/www.turistebre.com\\\/wp-content\\\/uploads\\\/2025\\\/05\\\/logo-1.png\",\"width\":490,\"height\":188,\"caption\":\"TURISME DELTA DE L'EBRE SL\"},\"image\":{\"@id\":\"https:\\\/\\\/www.turistebre.com\\\/ca\\\/#\\\/schema\\\/logo\\\/image\\\/\"},\"sameAs\":[\"https:\\\/\\\/www.facebook.com\\\/turistebre\",\"https:\\\/\\\/x.com\\\/turistebre\",\"https:\\\/\\\/www.youtube.com\\\/channel\\\/UCUcaoPytHUOQssJvlqfQ-DQ\",\"https:\\\/\\\/www.instagram.com\\\/turistebre\"]}]}<\/script>\n<!-- \/ Yoast SEO plugin. -->","yoast_head_json":{"title":"Qui som? - Turistebre - Esc\u00e1pate al Delta del Ebro","description":"Turistebre \u00e9s la teva ag\u00e8ncia de refer\u00e8ncia al sector del Lloguer Tur\u00edstic, Vacacional i Venda de Propietats al Delta de l'Ebre.","robots":{"index":"index","follow":"follow","max-snippet":"max-snippet:-1","max-image-preview":"max-image-preview:large","max-video-preview":"max-video-preview:-1"},"canonical":"https:\/\/www.turistebre.com\/ca\/qui-som\/","og_locale":"ca_ES","og_type":"article","og_title":"Qui som? - Turistebre - Esc\u00e1pate al Delta del Ebro","og_description":"Turistebre \u00e9s la teva ag\u00e8ncia de refer\u00e8ncia al sector del Lloguer Tur\u00edstic, Vacacional i Venda de Propietats al Delta de l'Ebre.","og_url":"https:\/\/www.turistebre.com\/ca\/qui-som\/","og_site_name":"Turistebre - Esc\u00e1pate al Delta del Ebro","article_publisher":"https:\/\/www.facebook.com\/turistebre","article_modified_time":"2025-09-16T11:53:51+00:00","og_image":[{"width":1280,"height":720,"url":"https:\/\/www.turistebre.com\/wp-content\/uploads\/2025\/05\/turisebre-rrss.jpg","type":"image\/jpeg"}],"twitter_card":"summary_large_image","twitter_site":"@turistebre","twitter_misc":{"Temps estimat de lectura":"4 minuts"},"schema":{"@context":"https:\/\/schema.org","@graph":[{"@type":"WebPage","@id":"https:\/\/www.turistebre.com\/ca\/qui-som\/","url":"https:\/\/www.turistebre.com\/ca\/qui-som\/","name":"Qui som? - Turistebre - Esc\u00e1pate al Delta del Ebro","isPartOf":{"@id":"https:\/\/www.turistebre.com\/ca\/#website"},"primaryImageOfPage":{"@id":"https:\/\/www.turistebre.com\/ca\/qui-som\/#primaryimage"},"image":{"@id":"https:\/\/www.turistebre.com\/ca\/qui-som\/#primaryimage"},"thumbnailUrl":"https:\/\/www.turistebre.com\/wp-content\/uploads\/2025\/05\/turisebre-rrss.jpg","datePublished":"2025-05-06T14:14:58+00:00","dateModified":"2025-09-16T11:53:51+00:00","description":"Turistebre \u00e9s la teva ag\u00e8ncia de refer\u00e8ncia al sector del Lloguer Tur\u00edstic, Vacacional i Venda de Propietats al Delta de l'Ebre.","breadcrumb":{"@id":"https:\/\/www.turistebre.com\/ca\/qui-som\/#breadcrumb"},"inLanguage":"ca","potentialAction":[{"@type":"ReadAction","target":["https:\/\/www.turistebre.com\/ca\/qui-som\/"]}]},{"@type":"BreadcrumbList","@id":"https:\/\/www.turistebre.com\/ca\/qui-som\/#breadcrumb","itemListElement":[{"@type":"ListItem","position":1,"name":"Portada","item":"https:\/\/www.turistebre.com\/ca\/"},{"@type":"ListItem","position":2,"name":"Qui som?"}]},{"@type":"WebSite","@id":"https:\/\/www.turistebre.com\/ca\/#website","url":"https:\/\/www.turistebre.com\/ca\/","name":"Turistebre - Esc\u00e1pate al Delta del Ebro","description":"Alquiler vacacional en el Delta del Ebro","publisher":{"@id":"https:\/\/www.turistebre.com\/ca\/#organization"},"alternateName":"Turistebre","potentialAction":[{"@type":"SearchAction","target":{"@type":"EntryPoint","urlTemplate":"https:\/\/www.turistebre.com\/alquiler-resultados-de-busqueda\/?search_text={search_term_string}"},"query-input":{"@type":"PropertyValueSpecification","valueRequired":true,"valueName":"search_term_string"}}],"inLanguage":"ca"},{"@type":"Organization","@id":"https:\/\/www.turistebre.com\/ca\/#organization","name":"TURISME DELTA DE L'EBRE SL","alternateName":"Turistebre","url":"https:\/\/www.turistebre.com\/ca\/","logo":{"@type":"ImageObject","inLanguage":"ca","@id":"https:\/\/www.turistebre.com\/ca\/#\/schema\/logo\/image\/","url":"https:\/\/www.turistebre.com\/wp-content\/uploads\/2025\/05\/logo-1.png","contentUrl":"https:\/\/www.turistebre.com\/wp-content\/uploads\/2025\/05\/logo-1.png","width":490,"height":188,"caption":"TURISME DELTA DE L'EBRE SL"},"image":{"@id":"https:\/\/www.turistebre.com\/ca\/#\/schema\/logo\/image\/"},"sameAs":["https:\/\/www.facebook.com\/turistebre","https:\/\/x.com\/turistebre","https:\/\/www.youtube.com\/channel\/UCUcaoPytHUOQssJvlqfQ-DQ","https:\/\/www.instagram.com\/turistebre"]}]}},"_links":{"self":[{"href":"https:\/\/www.turistebre.com\/ca\/wp-json\/wp\/v2\/pages\/373","targetHints":{"allow":["GET"]}}],"collection":[{"href":"https:\/\/www.turistebre.com\/ca\/wp-json\/wp\/v2\/pages"}],"about":[{"href":"https:\/\/www.turistebre.com\/ca\/wp-json\/wp\/v2\/types\/page"}],"author":[{"embeddable":true,"href":"https:\/\/www.turistebre.com\/ca\/wp-json\/wp\/v2\/users\/1"}],"replies":[{"embeddable":true,"href":"https:\/\/www.turistebre.com\/ca\/wp-json\/wp\/v2\/comments?post=373"}],"version-history":[{"count":13,"href":"https:\/\/www.turistebre.com\/ca\/wp-json\/wp\/v2\/pages\/373\/revisions"}],"predecessor-version":[{"id":705,"href":"https:\/\/www.turistebre.com\/ca\/wp-json\/wp\/v2\/pages\/373\/revisions\/705"}],"wp:featuredmedia":[{"embeddable":true,"href":"https:\/\/www.turistebre.com\/ca\/wp-json\/wp\/v2\/media\/281"}],"wp:attachment":[{"href":"https:\/\/www.turistebre.com\/ca\/wp-json\/wp\/v2\/media?parent=373"}],"curies":[{"name":"wp","href":"https:\/\/api.w.org\/{rel}","templated":true}]}}