{"id":555,"date":"2025-05-06T16:16:58","date_gmt":"2025-05-06T14:16:58","guid":{"rendered":"http:\/\/www.turistebre.com\/avis-legal-lssi-lopd\/"},"modified":"2025-06-02T14:55:53","modified_gmt":"2025-06-02T12:55:53","slug":"avis-legal-lssi-lopd","status":"publish","type":"page","link":"https:\/\/www.turistebre.com\/ca\/avis-legal-lssi-lopd\/","title":{"rendered":"Av\u00eds Legal &#8211; LSSI &#8211; LOPD"},"content":{"rendered":"\n<div class=\"wp-block-nk-awb nk-awb alignfull\" style=\"margin-bottom:var(--wp--preset--spacing--50)\"><div class=\"nk-awb-wrap\" data-awb-type=\"image\" data-awb-image-background-size=\"cover\" data-awb-image-background-position=\"50% 30%\"><div class=\"nk-awb-overlay\" style=\"background: #00000078;\"><\/div><div class=\"nk-awb-inner\"><img decoding=\"async\" src=\"http:\/\/www.turistebre.com\/wp-content\/uploads\/2025\/05\/cabecera-turisebre-scaled.jpg\" class=\"wp-image-38 jarallax-img\" alt=\"Turisebre - \u00a1Esc\u00e1pate al Delta del Ebro!\" width=\"2560\" height=\"718\" srcset=\"https:\/\/www.turistebre.com\/wp-content\/uploads\/2025\/05\/cabecera-turisebre-scaled.jpg 2560w, https:\/\/www.turistebre.com\/wp-content\/uploads\/2025\/05\/cabecera-turisebre-300x84.jpg 300w, https:\/\/www.turistebre.com\/wp-content\/uploads\/2025\/05\/cabecera-turisebre-1024x287.jpg 1024w, https:\/\/www.turistebre.com\/wp-content\/uploads\/2025\/05\/cabecera-turisebre-768x215.jpg 768w, https:\/\/www.turistebre.com\/wp-content\/uploads\/2025\/05\/cabecera-turisebre-1536x431.jpg 1536w, https:\/\/www.turistebre.com\/wp-content\/uploads\/2025\/05\/cabecera-turisebre-2048x574.jpg 2048w, https:\/\/www.turistebre.com\/wp-content\/uploads\/2025\/05\/cabecera-turisebre-500x140.jpg 500w, https:\/\/www.turistebre.com\/wp-content\/uploads\/2025\/05\/cabecera-turisebre-800x224.jpg 800w, https:\/\/www.turistebre.com\/wp-content\/uploads\/2025\/05\/cabecera-turisebre-1280x359.jpg 1280w, https:\/\/www.turistebre.com\/wp-content\/uploads\/2025\/05\/cabecera-turisebre-1920x538.jpg 1920w\" sizes=\"(max-width: 2560px) 100vw, 2560px\" \/><\/div><\/div><div class=\"nk-awb-wrap-content is-layout-constrained wp-block-nk-awb-is-layout-constrained\">\n<div style=\"height:49px\" aria-hidden=\"true\" class=\"wp-block-spacer\"><\/div>\n\n\n\n<div class=\"wp-block-columns is-layout-flex wp-container-core-columns-is-layout-d2da2050 wp-block-columns-is-layout-flex\" style=\"margin-bottom:0\">\n<div class=\"wp-block-column is-layout-flow wp-block-column-is-layout-flow\">\n<h1 class=\"wp-block-heading has-ast-global-color-5-color has-text-color has-link-color has-large-font-size wp-elements-161c7de45cd1909e31a06b162ea58072\">Av\u00eds Legal &#8211; LSSI &#8211; LOPD<\/h1>\n<\/div>\n\n\n\n<div class=\"wp-block-column is-vertically-aligned-center is-layout-flow wp-block-column-is-layout-flow\"><div class=\"yoast-breadcrumbs\"><span><span><a href=\"https:\/\/www.turistebre.com\/ca\/\">Portada<\/a><\/span> \u00bb <span class=\"breadcrumb_last\" aria-current=\"page\">Av\u00eds Legal &#8211; LSSI &#8211; LOPD<\/span><\/span><\/div><\/div>\n<\/div>\n\n\n<div class=\"n2r__search  \" data-n2r-searchsession-url=\"https:\/\/www.turistebre.com\/wp-json\/n2r\/v1\/searchsession\" data-n2r-nosession=\"true\">\n    <div class=\"n2r__search__container n2r__tabs__content\">\n    <div class=\"n2r__tabs__content__item n2r__search__container__rental active\" >\n  <form name=\"n2r__search\" method=\"get\" action=\"https:\/\/www.turistebre.com\/alquiler-resultados-de-busqueda\/\" role=\"form\" autocomplete=\"off\">\n    <input type=\"hidden\" aria-hidden=\"true\" name=\"commercialization_type\" value=\"rental\">\n              <div class=\"n2r__search__field\">\n            <label for=\"n2r-search-rental-search_text-46760\">Refer\u00e8ncia<\/label>\n            <input type=\"text\" name=\"search_text\" id=\"n2r-search-rental-search_text-46760\" class=\"n2r__input\" value=\"\">\n          <\/div>\n                    <div class=\"n2r__search__field n2r__datepickercontainer\">\n            <label for=\"n2r-search-rental-dates-46760\">Selecciona les dates<\/label>\n            <input type=\"text\" name=\"dates\" id=\"n2r-search-rental-dates-46760\" class=\"n2r__input n2r-daterangepicker-component\" value=\"\" data-checkin=\"\" data-checkout=\"\" data-language=\"ca\" data-nights=\"1\" placeholder=\" \">\n            <a class=\"n2r__datepickercontainer__clear\"><i class=\"fa fa-times\"><\/i><\/a>\n            <input type=\"hidden\" aria-hidden=\"true\" name=\"checkin\" value=\"\">\n            <input type=\"hidden\" aria-hidden=\"true\" name=\"checkout\" value=\"\">\n          <\/div>\n                  <div class=\"n2r__search__field n2r__search__field--small\">\n            <label for=\"n2r-search-rental-adults-46760\">Adults<\/label>\n            <input class=\"n2r__input\" name=\"adults\" id=\"n2r-search-rental-adults-46760\" type=\"number\" min=\"1\" max=\"30\" value=\"1\">\n          <\/div>\n                  <div class=\"n2r__search__field n2r__search__field--small\">\n            <label for=\"n2r-search-rental-children-46760\">Nens<\/label>\n            <input class=\"n2r__input\" name=\"children\" id=\"n2r-search-rental-children-46760\" type=\"number\" min=\"0\" max=\"30\" value=\"0\">\n          <\/div>\n                    <div class=\"n2r__search__field\">\n              <label for=\"n2r-search-rental-city-46760\">Destinaci\u00f3<\/label>\n              <select name=\"city\" id=\"n2r-search-rental-city-46760\" class=\"n2r__select\">\n                <option value=\"\">Tots<\/option>\n                <option value=\"Ampolla (L&#039;)\" >Ampolla (L&#039;)<\/option><option value=\"Amposta\" >Amposta<\/option><option value=\"Camarles\" >Camarles<\/option><option value=\"Deltebre\" >Deltebre<\/option><option value=\"L&#039;Ametlla de Mar\" >L&#039;Ametlla de Mar<\/option><option value=\"Sant Carles de la R\u00e0pita\" >Sant Carles de la R\u00e0pita<\/option>              <\/select>\n              <span><\/span>\n            <\/div>\n              <div class=\"n2r__search__field n2r__search__field--submit\">\n      <button type=\"submit\" class=\"n2r__search__submit n2r__btn\">Cercar<\/button>\n    <\/div>\n  <\/form>\n<\/div>  <\/div>\n<\/div>\n\n\n\n<div style=\"height:33px\" aria-hidden=\"true\" class=\"wp-block-spacer\"><\/div>\n<\/div><\/div>\n\n<div style=\"height:34px\" aria-hidden=\"true\" class=\"wp-block-spacer\"><\/div>\n\n<h2 class=\"wp-block-heading\"><strong>Condicions generals d&#8217;utilitzaci\u00f3 d&#8217;aquesta p\u00e0gina web:<\/strong><\/h2>\n\n<p>El present av\u00eds legal recull les condicions generals que regeixen l&#8217;acc\u00e9s i l&#8217;\u00fas d&#8217;aquest lloc web, d&#8217;ara endavant &#8220;el lloc web&#8221;.<\/p>\n\n<p>L&#8217;\u00fas del lloc web implica l&#8217;expressa i plena acceptaci\u00f3 d&#8217;aquestes condicions generals en la versi\u00f3 publicada en el moment en qu\u00e8 l&#8217;usuari accedeixi al mateix, sense perjudici de les condicions particulars que poguessin aplicar a alguns dels serveis concrets del lloc web.<\/p>\n\n<h3 class=\"wp-block-heading\"><strong>Llei de Serveis de la Societat de la Informaci\u00f3 i del Comer\u00e7 Electr\u00f2nic (LSSI)<\/strong><\/h3>\n\n<p>El propietari d&#8217;aquesta p\u00e0gina web, posa a disposici\u00f3 dels visitants de l&#8217;esmentada, una s\u00e8rie de dades que segons la Llei 34\/2002 de l&#8217;11 de juliol. &#8211; LSSICE de &#8220;Serveis de la Societat i la Informaci\u00f3 de Comer\u00e7 Electr\u00f2nic&#8221;, s\u00f3n d&#8217;obligada disposici\u00f3 tant als destinataris del servei com als \u00f2rgans competents: <\/p>\n\n<p>Nom Fiscal: TURISME DELTA DE L&#8217;EBRE SL<br\/>CIF o NIF: B55653794<br\/>Domicili: Carrer Trenta 30, 9<br\/>Codi Postal: 43894<br\/>Poblaci\u00f3: Camarles<br\/>Prov\u00edncia: Tarragona<br\/>Tel\u00e8fon: 673831597<br\/>Correu Electr\u00f2nic: info@turistebre.com<\/p>\n\n<h3 class=\"wp-block-heading\"><strong>Propietat intel\u00b7lectual i industrial sobre els continguts de la p\u00e0gina.<\/strong><\/h3>\n\n<p>Tots els elements que formen el lloc web, aix\u00ed com l&#8217;estructura, disseny i codi font de la mateixa, s\u00f3n titularitat de l&#8217;autor citat i estan protegits per la normativa de propietat intel\u00b7lectual i industrial. Les fotografia allotjades en aquesta web corresponen en la seva total propietat als autors citats al costat d&#8217;elles. <\/p>\n\n<p>No es podran realitzar actes de reproducci\u00f3, modificaci\u00f3, distribuci\u00f3 o comunicaci\u00f3 p\u00fablica del lloc web o algun dels seus elements sense el previ consentiment d&#8217;aquest web.<\/p>\n\n<p>Els usuaris del lloc web \u00fanicament podran realitzar un \u00fas privat i personal dels continguts d&#8217;aquest.<\/p>\n\n<p>Est\u00e0 absolutament prohibit, l&#8217;\u00fas del lloc web o d&#8217;algun dels seus elements amb fins comercials o il\u00b7l\u00edcits.<\/p>\n\n<p>Aquest web no assumir\u00e0 cap responsabilitat derivada de l&#8217;\u00fas per tercers del contingut del lloc web i podr\u00e0 exercitar totes les accions civils o penals que li corresponguin en cas d&#8217;infracci\u00f3 d&#8217;aquests drets per part de l&#8217;usuari.<\/p>\n\n<h3 class=\"wp-block-heading\"><strong>Protecci\u00f3 de dades de car\u00e0cter personal (LOPD).<\/strong><\/h3>\n\n<p>D&#8217;acord amb la Llei Org\u00e0nica 15\/1999 de 13 de desembre de Protecci\u00f3 de Dades de Car\u00e0cter Personal, aquesta web es compromet al compliment de la seva obligaci\u00f3 de secret respecte a les dades de car\u00e0cter personal i al deure de tractar-les amb confidencialitat. A aquests efectes, adoptar\u00e0 les mesures necess\u00e0ries per evitar la seva alteraci\u00f3, p\u00e8rdua, tractament o acc\u00e9s no autoritzat. <\/p>\n\n<p>La recollida i tractament automatitzat de les dades personals t\u00e9 com a finalitat la gesti\u00f3, prestaci\u00f3, ampliaci\u00f3 i millora dels serveis a l&#8217;usuari.<\/p>\n\n<p>L&#8217;usuari podr\u00e0 exercitar en tot moment els drets d&#8217;acc\u00e9s, rectificaci\u00f3, cancel\u00b7laci\u00f3 o oposici\u00f3, dirigint-se per escrit, a aquesta web, acompanyant fotoc\u00f2pia del DNI<\/p>\n\n<h3 class=\"wp-block-heading\"><strong>Modificacions<\/strong><\/h3>\n\n<p>Per tal de millorar les prestacions del lloc web, es reserva el dret, en qualsevol moment i sense pr\u00e8via notificaci\u00f3 a l&#8217;usuari, a modificar, ampliar o suspendre temporalment la presentaci\u00f3, configuraci\u00f3, especificacions t\u00e8cniques i serveis del lloc web, de manera unilateral.<\/p>\n\n<p>Aix\u00ed mateix es reserva el dret de modificar en qualsevol moment les presents condicions d&#8217;\u00fas aix\u00ed com qualssevol altres condicions particulars.<\/p>\n\n<h3 class=\"wp-block-heading\"><strong>Exclusi\u00f3 de responsabilitat.<\/strong><\/h3>\n\n<p>Aquesta web no es responsabilitza dels eventuals errors tipogr\u00e0fics, formals o num\u00e8rics que pugui contenir el lloc web, ni de l&#8217;exactitud de la informaci\u00f3 continguda en ell, aix\u00ed com tampoc ho fa d&#8217;opinions identificades o an\u00f2nimes abocades per persones i \/ o entitats en aquest website. En cas de lloguer, arrendament parcial i \/ o total i venda d&#8217;aquesta web excloem tot tipus de responsabilitat del contingut i veracitat en ella inserit, sent la responsabilitat total i absoluta per part del comprador \/ arrendatari. <\/p>\n\n<h3 class=\"wp-block-heading\"><strong>Hiperenlla\u00e7os.<\/strong><\/h3>\n\n<p>Pels hiperenlla\u00e7os continguts en el lloc web que poden dirigir a p\u00e0gines web de tercers, no assumeix cap responsabilitat pel contingut, informacions o serveis que poguessin apar\u00e8ixer en aquests llocs, que tindran exclusivament car\u00e0cter informatiu i que en cap cas impliquen cap relaci\u00f3 entre aquest web ia les persones o entitats titulars de tals continguts o titulars dels llocs on es trobin.<\/p>\n\n<div style=\"height:49px\" aria-hidden=\"true\" class=\"wp-block-spacer\"><\/div>\n","protected":false},"excerpt":{"rendered":"<p>Condicions generals d&#8217;utilitzaci\u00f3 d&#8217;aquesta p\u00e0gina web: El present av\u00eds legal recull les condicions generals que regeixen l&#8217;acc\u00e9s i l&#8217;\u00fas d&#8217;aquest [&hellip;]<\/p>\n","protected":false},"author":1,"featured_media":281,"parent":0,"menu_order":0,"comment_status":"closed","ping_status":"closed","template":"","meta":{"site-sidebar-layout":"default","site-content-layout":"","ast-site-content-layout":"default","site-content-style":"default","site-sidebar-style":"default","ast-global-header-display":"","ast-banner-title-visibility":"","ast-main-header-display":"","ast-hfb-above-header-display":"","ast-hfb-below-header-display":"","ast-hfb-mobile-header-display":"","site-post-title":"","ast-breadcrumbs-content":"","ast-featured-img":"","footer-sml-layout":"","ast-disable-related-posts":"","theme-transparent-header-meta":"","adv-header-id-meta":"","stick-header-meta":"","header-above-stick-meta":"","header-main-stick-meta":"","header-below-stick-meta":"","astra-migrate-meta-layouts":"default","ast-page-background-enabled":"default","ast-page-background-meta":{"desktop":{"background-color":"var(--ast-global-color-5)","background-image":"","background-repeat":"repeat","background-position":"center center","background-size":"auto","background-attachment":"scroll","background-type":"","background-media":"","overlay-type":"","overlay-color":"","overlay-opacity":"","overlay-gradient":""},"tablet":{"background-color":"","background-image":"","background-repeat":"repeat","background-position":"center center","background-size":"auto","background-attachment":"scroll","background-type":"","background-media":"","overlay-type":"","overlay-color":"","overlay-opacity":"","overlay-gradient":""},"mobile":{"background-color":"","background-image":"","background-repeat":"repeat","background-position":"center center","background-size":"auto","background-attachment":"scroll","background-type":"","background-media":"","overlay-type":"","overlay-color":"","overlay-opacity":"","overlay-gradient":""}},"ast-content-background-meta":{"desktop":{"background-color":"var(--ast-global-color-4)","background-image":"","background-repeat":"repeat","background-position":"center center","background-size":"auto","background-attachment":"scroll","background-type":"","background-media":"","overlay-type":"","overlay-color":"","overlay-opacity":"","overlay-gradient":""},"tablet":{"background-color":"var(--ast-global-color-4)","background-image":"","background-repeat":"repeat","background-position":"center center","background-size":"auto","background-attachment":"scroll","background-type":"","background-media":"","overlay-type":"","overlay-color":"","overlay-opacity":"","overlay-gradient":""},"mobile":{"background-color":"var(--ast-global-color-4)","background-image":"","background-repeat":"repeat","background-position":"center center","background-size":"auto","background-attachment":"scroll","background-type":"","background-media":"","overlay-type":"","overlay-color":"","overlay-opacity":"","overlay-gradient":""}},"footnotes":""},"class_list":["post-555","page","type-page","status-publish","has-post-thumbnail","hentry"],"yoast_head":"<!-- This site is optimized with the Yoast SEO plugin v27.5 - https:\/\/yoast.com\/product\/yoast-seo-wordpress\/ -->\n<title>Av\u00eds Legal - LSSI - LOPD - Turistebre - Esc\u00e1pate al Delta del Ebro<\/title>\n<meta name=\"description\" content=\"Turistebre \u00e9s la teva ag\u00e8ncia de refer\u00e8ncia al sector del Lloguer Tur\u00edstic, Vacacional i Venda de Propietats al Delta de l&#039;Ebre.\" \/>\n<meta name=\"robots\" content=\"index, follow, max-snippet:-1, max-image-preview:large, max-video-preview:-1\" \/>\n<link rel=\"canonical\" href=\"https:\/\/www.turistebre.com\/ca\/avis-legal-lssi-lopd\/\" \/>\n<meta property=\"og:locale\" content=\"ca_ES\" \/>\n<meta property=\"og:type\" content=\"article\" \/>\n<meta property=\"og:title\" content=\"Av\u00eds Legal - LSSI - LOPD - Turistebre - Esc\u00e1pate al Delta del Ebro\" \/>\n<meta property=\"og:description\" content=\"Turistebre \u00e9s la teva ag\u00e8ncia de refer\u00e8ncia al sector del Lloguer Tur\u00edstic, Vacacional i Venda de Propietats al Delta de l&#039;Ebre.\" \/>\n<meta property=\"og:url\" content=\"https:\/\/www.turistebre.com\/ca\/avis-legal-lssi-lopd\/\" \/>\n<meta property=\"og:site_name\" content=\"Turistebre - Esc\u00e1pate al Delta del Ebro\" \/>\n<meta property=\"article:publisher\" content=\"https:\/\/www.facebook.com\/turistebre\" \/>\n<meta property=\"article:modified_time\" content=\"2025-06-02T12:55:53+00:00\" \/>\n<meta property=\"og:image\" content=\"https:\/\/www.turistebre.com\/wp-content\/uploads\/2025\/05\/turisebre-rrss.jpg\" \/>\n\t<meta property=\"og:image:width\" content=\"1280\" \/>\n\t<meta property=\"og:image:height\" content=\"720\" \/>\n\t<meta property=\"og:image:type\" content=\"image\/jpeg\" \/>\n<meta name=\"twitter:card\" content=\"summary_large_image\" \/>\n<meta name=\"twitter:site\" content=\"@turistebre\" \/>\n<meta name=\"twitter:label1\" content=\"Temps estimat de lectura\" \/>\n\t<meta name=\"twitter:data1\" content=\"3 minuts\" \/>\n<script type=\"application\/ld+json\" class=\"yoast-schema-graph\">{\"@context\":\"https:\\\/\\\/schema.org\",\"@graph\":[{\"@type\":\"WebPage\",\"@id\":\"https:\\\/\\\/www.turistebre.com\\\/ca\\\/avis-legal-lssi-lopd\\\/\",\"url\":\"https:\\\/\\\/www.turistebre.com\\\/ca\\\/avis-legal-lssi-lopd\\\/\",\"name\":\"Av\u00eds Legal - LSSI - LOPD - Turistebre - Esc\u00e1pate al Delta del Ebro\",\"isPartOf\":{\"@id\":\"https:\\\/\\\/www.turistebre.com\\\/ca\\\/#website\"},\"primaryImageOfPage\":{\"@id\":\"https:\\\/\\\/www.turistebre.com\\\/ca\\\/avis-legal-lssi-lopd\\\/#primaryimage\"},\"image\":{\"@id\":\"https:\\\/\\\/www.turistebre.com\\\/ca\\\/avis-legal-lssi-lopd\\\/#primaryimage\"},\"thumbnailUrl\":\"https:\\\/\\\/www.turistebre.com\\\/wp-content\\\/uploads\\\/2025\\\/05\\\/turisebre-rrss.jpg\",\"datePublished\":\"2025-05-06T14:16:58+00:00\",\"dateModified\":\"2025-06-02T12:55:53+00:00\",\"description\":\"Turistebre \u00e9s la teva ag\u00e8ncia de refer\u00e8ncia al sector del Lloguer Tur\u00edstic, Vacacional i Venda de Propietats al Delta de l'Ebre.\",\"breadcrumb\":{\"@id\":\"https:\\\/\\\/www.turistebre.com\\\/ca\\\/avis-legal-lssi-lopd\\\/#breadcrumb\"},\"inLanguage\":\"ca\",\"potentialAction\":[{\"@type\":\"ReadAction\",\"target\":[\"https:\\\/\\\/www.turistebre.com\\\/ca\\\/avis-legal-lssi-lopd\\\/\"]}]},{\"@type\":\"BreadcrumbList\",\"@id\":\"https:\\\/\\\/www.turistebre.com\\\/ca\\\/avis-legal-lssi-lopd\\\/#breadcrumb\",\"itemListElement\":[{\"@type\":\"ListItem\",\"position\":1,\"name\":\"Portada\",\"item\":\"https:\\\/\\\/www.turistebre.com\\\/ca\\\/\"},{\"@type\":\"ListItem\",\"position\":2,\"name\":\"Av\u00eds Legal &#8211; LSSI &#8211; LOPD\"}]},{\"@type\":\"WebSite\",\"@id\":\"https:\\\/\\\/www.turistebre.com\\\/ca\\\/#website\",\"url\":\"https:\\\/\\\/www.turistebre.com\\\/ca\\\/\",\"name\":\"Turistebre - Esc\u00e1pate al Delta del Ebro\",\"description\":\"Alquiler vacacional en el Delta del Ebro\",\"publisher\":{\"@id\":\"https:\\\/\\\/www.turistebre.com\\\/ca\\\/#organization\"},\"alternateName\":\"Turistebre\",\"potentialAction\":[{\"@type\":\"SearchAction\",\"target\":{\"@type\":\"EntryPoint\",\"urlTemplate\":\"https:\\\/\\\/www.turistebre.com\\\/alquiler-resultados-de-busqueda\\\/?search_text={search_term_string}\"},\"query-input\":{\"@type\":\"PropertyValueSpecification\",\"valueRequired\":true,\"valueName\":\"search_term_string\"}}],\"inLanguage\":\"ca\"},{\"@type\":\"Organization\",\"@id\":\"https:\\\/\\\/www.turistebre.com\\\/ca\\\/#organization\",\"name\":\"TURISME DELTA DE L'EBRE SL\",\"alternateName\":\"Turistebre\",\"url\":\"https:\\\/\\\/www.turistebre.com\\\/ca\\\/\",\"logo\":{\"@type\":\"ImageObject\",\"inLanguage\":\"ca\",\"@id\":\"https:\\\/\\\/www.turistebre.com\\\/ca\\\/#\\\/schema\\\/logo\\\/image\\\/\",\"url\":\"https:\\\/\\\/www.turistebre.com\\\/wp-content\\\/uploads\\\/2025\\\/05\\\/logo-1.png\",\"contentUrl\":\"https:\\\/\\\/www.turistebre.com\\\/wp-content\\\/uploads\\\/2025\\\/05\\\/logo-1.png\",\"width\":490,\"height\":188,\"caption\":\"TURISME DELTA DE L'EBRE SL\"},\"image\":{\"@id\":\"https:\\\/\\\/www.turistebre.com\\\/ca\\\/#\\\/schema\\\/logo\\\/image\\\/\"},\"sameAs\":[\"https:\\\/\\\/www.facebook.com\\\/turistebre\",\"https:\\\/\\\/x.com\\\/turistebre\",\"https:\\\/\\\/www.youtube.com\\\/channel\\\/UCUcaoPytHUOQssJvlqfQ-DQ\",\"https:\\\/\\\/www.instagram.com\\\/turistebre\"]}]}<\/script>\n<!-- \/ Yoast SEO plugin. -->","yoast_head_json":{"title":"Av\u00eds Legal - LSSI - LOPD - Turistebre - Esc\u00e1pate al Delta del Ebro","description":"Turistebre \u00e9s la teva ag\u00e8ncia de refer\u00e8ncia al sector del Lloguer Tur\u00edstic, Vacacional i Venda de Propietats al Delta de l'Ebre.","robots":{"index":"index","follow":"follow","max-snippet":"max-snippet:-1","max-image-preview":"max-image-preview:large","max-video-preview":"max-video-preview:-1"},"canonical":"https:\/\/www.turistebre.com\/ca\/avis-legal-lssi-lopd\/","og_locale":"ca_ES","og_type":"article","og_title":"Av\u00eds Legal - LSSI - LOPD - Turistebre - Esc\u00e1pate al Delta del Ebro","og_description":"Turistebre \u00e9s la teva ag\u00e8ncia de refer\u00e8ncia al sector del Lloguer Tur\u00edstic, Vacacional i Venda de Propietats al Delta de l'Ebre.","og_url":"https:\/\/www.turistebre.com\/ca\/avis-legal-lssi-lopd\/","og_site_name":"Turistebre - Esc\u00e1pate al Delta del Ebro","article_publisher":"https:\/\/www.facebook.com\/turistebre","article_modified_time":"2025-06-02T12:55:53+00:00","og_image":[{"width":1280,"height":720,"url":"https:\/\/www.turistebre.com\/wp-content\/uploads\/2025\/05\/turisebre-rrss.jpg","type":"image\/jpeg"}],"twitter_card":"summary_large_image","twitter_site":"@turistebre","twitter_misc":{"Temps estimat de lectura":"3 minuts"},"schema":{"@context":"https:\/\/schema.org","@graph":[{"@type":"WebPage","@id":"https:\/\/www.turistebre.com\/ca\/avis-legal-lssi-lopd\/","url":"https:\/\/www.turistebre.com\/ca\/avis-legal-lssi-lopd\/","name":"Av\u00eds Legal - LSSI - LOPD - Turistebre - Esc\u00e1pate al Delta del Ebro","isPartOf":{"@id":"https:\/\/www.turistebre.com\/ca\/#website"},"primaryImageOfPage":{"@id":"https:\/\/www.turistebre.com\/ca\/avis-legal-lssi-lopd\/#primaryimage"},"image":{"@id":"https:\/\/www.turistebre.com\/ca\/avis-legal-lssi-lopd\/#primaryimage"},"thumbnailUrl":"https:\/\/www.turistebre.com\/wp-content\/uploads\/2025\/05\/turisebre-rrss.jpg","datePublished":"2025-05-06T14:16:58+00:00","dateModified":"2025-06-02T12:55:53+00:00","description":"Turistebre \u00e9s la teva ag\u00e8ncia de refer\u00e8ncia al sector del Lloguer Tur\u00edstic, Vacacional i Venda de Propietats al Delta de l'Ebre.","breadcrumb":{"@id":"https:\/\/www.turistebre.com\/ca\/avis-legal-lssi-lopd\/#breadcrumb"},"inLanguage":"ca","potentialAction":[{"@type":"ReadAction","target":["https:\/\/www.turistebre.com\/ca\/avis-legal-lssi-lopd\/"]}]},{"@type":"BreadcrumbList","@id":"https:\/\/www.turistebre.com\/ca\/avis-legal-lssi-lopd\/#breadcrumb","itemListElement":[{"@type":"ListItem","position":1,"name":"Portada","item":"https:\/\/www.turistebre.com\/ca\/"},{"@type":"ListItem","position":2,"name":"Av\u00eds Legal &#8211; LSSI &#8211; LOPD"}]},{"@type":"WebSite","@id":"https:\/\/www.turistebre.com\/ca\/#website","url":"https:\/\/www.turistebre.com\/ca\/","name":"Turistebre - Esc\u00e1pate al Delta del Ebro","description":"Alquiler vacacional en el Delta del Ebro","publisher":{"@id":"https:\/\/www.turistebre.com\/ca\/#organization"},"alternateName":"Turistebre","potentialAction":[{"@type":"SearchAction","target":{"@type":"EntryPoint","urlTemplate":"https:\/\/www.turistebre.com\/alquiler-resultados-de-busqueda\/?search_text={search_term_string}"},"query-input":{"@type":"PropertyValueSpecification","valueRequired":true,"valueName":"search_term_string"}}],"inLanguage":"ca"},{"@type":"Organization","@id":"https:\/\/www.turistebre.com\/ca\/#organization","name":"TURISME DELTA DE L'EBRE SL","alternateName":"Turistebre","url":"https:\/\/www.turistebre.com\/ca\/","logo":{"@type":"ImageObject","inLanguage":"ca","@id":"https:\/\/www.turistebre.com\/ca\/#\/schema\/logo\/image\/","url":"https:\/\/www.turistebre.com\/wp-content\/uploads\/2025\/05\/logo-1.png","contentUrl":"https:\/\/www.turistebre.com\/wp-content\/uploads\/2025\/05\/logo-1.png","width":490,"height":188,"caption":"TURISME DELTA DE L'EBRE SL"},"image":{"@id":"https:\/\/www.turistebre.com\/ca\/#\/schema\/logo\/image\/"},"sameAs":["https:\/\/www.facebook.com\/turistebre","https:\/\/x.com\/turistebre","https:\/\/www.youtube.com\/channel\/UCUcaoPytHUOQssJvlqfQ-DQ","https:\/\/www.instagram.com\/turistebre"]}]}},"_links":{"self":[{"href":"https:\/\/www.turistebre.com\/ca\/wp-json\/wp\/v2\/pages\/555","targetHints":{"allow":["GET"]}}],"collection":[{"href":"https:\/\/www.turistebre.com\/ca\/wp-json\/wp\/v2\/pages"}],"about":[{"href":"https:\/\/www.turistebre.com\/ca\/wp-json\/wp\/v2\/types\/page"}],"author":[{"embeddable":true,"href":"https:\/\/www.turistebre.com\/ca\/wp-json\/wp\/v2\/users\/1"}],"replies":[{"embeddable":true,"href":"https:\/\/www.turistebre.com\/ca\/wp-json\/wp\/v2\/comments?post=555"}],"version-history":[{"count":1,"href":"https:\/\/www.turistebre.com\/ca\/wp-json\/wp\/v2\/pages\/555\/revisions"}],"predecessor-version":[{"id":556,"href":"https:\/\/www.turistebre.com\/ca\/wp-json\/wp\/v2\/pages\/555\/revisions\/556"}],"wp:featuredmedia":[{"embeddable":true,"href":"https:\/\/www.turistebre.com\/ca\/wp-json\/wp\/v2\/media\/281"}],"wp:attachment":[{"href":"https:\/\/www.turistebre.com\/ca\/wp-json\/wp\/v2\/media?parent=555"}],"curies":[{"name":"wp","href":"https:\/\/api.w.org\/{rel}","templated":true}]}}